{"id":2671,"date":"2021-03-31T22:33:07","date_gmt":"2021-03-31T20:33:07","guid":{"rendered":"https:\/\/www.lkolmc.be\/?page_id=2671"},"modified":"2026-03-25T10:40:28","modified_gmt":"2026-03-25T09:40:28","slug":"myguide","status":"publish","type":"page","link":"https:\/\/www.lkolmc.be\/fr\/medecin\/mylab-prise-en-charge\/myguide\/","title":{"rendered":"MyGuide"},"content":{"rendered":"<div class=\"wpb-content-wrapper\"><p>[vc_row full_width=&#8221;stretch_row&#8221; css=&#8221;.vc_custom_1617198278390{padding-top: 10% !important;padding-bottom: 10% !important;background-image: url(https:\/\/www.lkolmc.be\/wp-content\/uploads\/sites\/3\/2021\/07\/Medina-MyLab.jpg?id=6510) !important;background-position: center !important;background-repeat: no-repeat !important;background-size: cover !important;}&#8221; el_class=&#8221;header-bg&#8221;][vc_column][\/vc_column][\/vc_row][vc_row][vc_column width=&#8221;1\/4&#8243; css=&#8221;.vc_custom_1613485674609{padding-top: 20px !important;}&#8221;][\/vc_column][vc_column width=&#8221;3\/4&#8243; css=&#8221;.vc_custom_1613485670954{padding-top: 20px !important;}&#8221;][vc_column_text css=&#8221;.vc_custom_1613487487375{margin-bottom: 20px !important;}&#8221;][show-breadcrumbs][\/vc_column_text][\/vc_column][\/vc_row][vc_row css=&#8221;.vc_custom_1614162013820{margin-bottom: 35px !important;padding-bottom: 4% !important;}&#8221;][vc_column width=&#8221;1\/4&#8243; css=&#8221;.vc_custom_1613052450674{padding-right: 6% !important;}&#8221;][vc_widget_sidebar sidebar_id=&#8221;sidebar-artsen&#8221;][\/vc_column][vc_column width=&#8221;3\/4&#8243;][vc_row_inner css=&#8221;.vc_custom_1613485985226{margin-bottom: 10px !important;}&#8221;][vc_column_inner][vc_custom_heading text=&#8221;MYGUIDE&#8221; font_container=&#8221;tag:h1|text_align:left&#8221; use_theme_fonts=&#8221;yes&#8221; css=&#8221;.vc_custom_1614162320944{margin-top: 12px !important;}&#8221;][\/vc_column_inner][\/vc_row_inner][vc_custom_heading text=&#8221;Votre assistance au bout des doigts&#8221; use_theme_fonts=&#8221;yes&#8221; css=&#8221;.vc_custom_1617374079324{padding-bottom: 2% !important;}&#8221;][vc_row_inner css=&#8221;.vc_custom_1613054576443{margin-bottom: 0px !important;}&#8221;][vc_column_inner width=&#8221;1\/2&#8243;][vc_column_text css=&#8221;&#8221; el_class=&#8221;list-plus&#8221;]MyGuide est le guide de laboratoire digital compl\u00e8tement int\u00e9gr\u00e9 de Mylab. Pour chaque analyse, vous trouverez une fiche d&#8217;analyse d\u00e9taill\u00e9e avec des informations g\u00e9n\u00e9rales, des informations relatives aux donn\u00e9es cliniques, aux conditions d&#8217;\u00e9chantillonnage, aux valeurs de r\u00e9f\u00e9rence, etc.<\/p>\n<p>Pr\u00e9f\u00e9rez-vous une version analogique ? Dans notre guide du laboratoire, vous trouverez toutes les informations dont vous avez besoin.<\/p>\n<p>Vous cherchez le guide de laboratoire pour les patients ? Cliquez sur le bouton ci-dessous ![\/vc_column_text][vc_btn title=&#8221;Le guide de laboratoire pour les patients&#8221; color=&#8221;danger&#8221; align=&#8221;center&#8221; css=&#8221;&#8221; link=&#8221;url:http%3A%2F%2Fwww.macsys.be%2Fmyguide%2F%3Flang%3Dfr|target:_blank&#8221;][\/vc_column_inner][vc_column_inner width=&#8221;1\/2&#8243;][vc_single_image image=&#8221;5800&#8243; img_size=&#8221;full&#8221; el_class=&#8221;shadow&#8221;][\/vc_column_inner][\/vc_row_inner][vc_row_inner css=&#8221;.vc_custom_1615462390834{margin-bottom: 0px !important;}&#8221; el_class=&#8221;box&#8221;][vc_column_inner][vc_column_text el_class=&#8221;list-plus&#8221;]Vous ne trouvez pas la r\u00e9ponse que vous cherchez ? Notre \u00e9quipe de biologistes cliniques se fera un plaisir de vous conseiller sur le choix des bonnes analyses et de vous fournir des informations compl\u00e9mentaires.[\/vc_column_text][\/vc_column_inner][\/vc_row_inner][\/vc_column][\/vc_row]<\/p>\n<\/div>","protected":false},"excerpt":{"rendered":"<p>[vc_row full_width=&#8221;stretch_row&#8221; css=&#8221;.vc_custom_1617198278390{padding-top: 10% !important;padding-bottom: 10% !important;background-image: url(https:\/\/www.lkolmc.be\/wp-content\/uploads\/sites\/3\/2021\/07\/Medina-MyLab.jpg?id=6510) !important;background-position: center !important;background-repeat: no-repeat !important;background-size: cover !important;}&#8221; el_class=&#8221;header-bg&#8221;][vc_column][\/vc_column][\/vc_row][vc_row][vc_column width=&#8221;1\/4&#8243; css=&#8221;.vc_custom_1613485674609{padding-top: 20px !important;}&#8221;][\/vc_column][vc_column width=&#8221;3\/4&#8243; css=&#8221;.vc_custom_1613485670954{padding-top: 20px !important;}&#8221;][vc_column_text css=&#8221;.vc_custom_1613487487375{margin-bottom: 20px<span class=\"excerpt-hellip\"> [\u2026]<\/span><\/p>\n","protected":false},"author":1,"featured_media":0,"parent":2715,"menu_order":23,"comment_status":"closed","ping_status":"closed","template":"","meta":{"_acf_changed":false,"footnotes":""},"class_list":["post-2671","page","type-page","status-publish","hentry"],"acf":[],"yoast_head":"<!-- This site is optimized with the Yoast SEO plugin v26.7 - https:\/\/yoast.com\/wordpress\/plugins\/seo\/ -->\n<title>MyGuide - Lkolmc<\/title>\n<meta name=\"description\" content=\"MyGuide is de volledig ge\u00efntegreerde, digitale labogids van Mylab.\" \/>\n<meta name=\"robots\" content=\"index, follow, max-snippet:-1, max-image-preview:large, max-video-preview:-1\" \/>\n<link rel=\"canonical\" href=\"https:\/\/www.lkolmc.be\/fr\/medecin\/mylab-prise-en-charge\/myguide\/\" \/>\n<meta property=\"og:locale\" content=\"fr_FR\" \/>\n<meta property=\"og:type\" content=\"article\" \/>\n<meta property=\"og:title\" content=\"MyGuide - Lkolmc\" \/>\n<meta property=\"og:description\" content=\"MyGuide is de volledig ge\u00efntegreerde, digitale labogids van Mylab.\" \/>\n<meta property=\"og:url\" content=\"https:\/\/www.lkolmc.be\/fr\/medecin\/mylab-prise-en-charge\/myguide\/\" \/>\n<meta property=\"og:site_name\" content=\"Lkolmc\" \/>\n<meta property=\"article:modified_time\" content=\"2026-03-25T09:40:28+00:00\" \/>\n<meta name=\"twitter:card\" content=\"summary_large_image\" \/>\n<script type=\"application\/ld+json\" class=\"yoast-schema-graph\">{\"@context\":\"https:\/\/schema.org\",\"@graph\":[{\"@type\":\"WebPage\",\"@id\":\"https:\/\/www.lkolmc.be\/fr\/medecin\/mylab-prise-en-charge\/myguide\/\",\"url\":\"https:\/\/www.lkolmc.be\/fr\/medecin\/mylab-prise-en-charge\/myguide\/\",\"name\":\"MyGuide - Lkolmc\",\"isPartOf\":{\"@id\":\"https:\/\/www.lkolmc.be\/nl\/#website\"},\"datePublished\":\"2021-03-31T20:33:07+00:00\",\"dateModified\":\"2026-03-25T09:40:28+00:00\",\"description\":\"MyGuide is de volledig ge\u00efntegreerde, digitale labogids van Mylab.\",\"breadcrumb\":{\"@id\":\"https:\/\/www.lkolmc.be\/fr\/medecin\/mylab-prise-en-charge\/myguide\/#breadcrumb\"},\"inLanguage\":\"fr-FR\",\"potentialAction\":[{\"@type\":\"ReadAction\",\"target\":[\"https:\/\/www.lkolmc.be\/fr\/medecin\/mylab-prise-en-charge\/myguide\/\"]}]},{\"@type\":\"BreadcrumbList\",\"@id\":\"https:\/\/www.lkolmc.be\/fr\/medecin\/mylab-prise-en-charge\/myguide\/#breadcrumb\",\"itemListElement\":[{\"@type\":\"ListItem\",\"position\":1,\"name\":\"HOME\",\"item\":\"https:\/\/www.lkolmc.be\/fr\/\"},{\"@type\":\"ListItem\",\"position\":2,\"name\":\"M\u00e9decin\",\"item\":\"https:\/\/www.lkolmc.be\/fr\/medecin\/\"},{\"@type\":\"ListItem\",\"position\":3,\"name\":\"Mylab prise en charge\",\"item\":\"https:\/\/www.lkolmc.be\/fr\/medecin\/mylab-prise-en-charge\/\"},{\"@type\":\"ListItem\",\"position\":4,\"name\":\"MyGuide\"}]},{\"@type\":\"WebSite\",\"@id\":\"https:\/\/www.lkolmc.be\/nl\/#website\",\"url\":\"https:\/\/www.lkolmc.be\/nl\/\",\"name\":\"Lkolmc\",\"description\":\"Medische analysen\",\"publisher\":{\"@id\":\"https:\/\/www.lkolmc.be\/nl\/#organization\"},\"potentialAction\":[{\"@type\":\"SearchAction\",\"target\":{\"@type\":\"EntryPoint\",\"urlTemplate\":\"https:\/\/www.lkolmc.be\/nl\/?s={search_term_string}\"},\"query-input\":{\"@type\":\"PropertyValueSpecification\",\"valueRequired\":true,\"valueName\":\"search_term_string\"}}],\"inLanguage\":\"fr-FR\"},{\"@type\":\"Organization\",\"@id\":\"https:\/\/www.lkolmc.be\/nl\/#organization\",\"name\":\"LKOLMC\",\"url\":\"https:\/\/www.lkolmc.be\/nl\/\",\"logo\":{\"@type\":\"ImageObject\",\"inLanguage\":\"fr-FR\",\"@id\":\"https:\/\/www.lkolmc.be\/nl\/#\/schema\/logo\/image\/\",\"url\":\"https:\/\/www.lkolmc.be\/wp-content\/uploads\/sites\/3\/2021\/03\/Logo-lkolmc.png\",\"contentUrl\":\"https:\/\/www.lkolmc.be\/wp-content\/uploads\/sites\/3\/2021\/03\/Logo-lkolmc.png\",\"width\":242,\"height\":101,\"caption\":\"LKOLMC\"},\"image\":{\"@id\":\"https:\/\/www.lkolmc.be\/nl\/#\/schema\/logo\/image\/\"}}]}<\/script>\n<!-- \/ Yoast SEO plugin. -->","yoast_head_json":{"title":"MyGuide - Lkolmc","description":"MyGuide is de volledig ge\u00efntegreerde, digitale labogids van Mylab.","robots":{"index":"index","follow":"follow","max-snippet":"max-snippet:-1","max-image-preview":"max-image-preview:large","max-video-preview":"max-video-preview:-1"},"canonical":"https:\/\/www.lkolmc.be\/fr\/medecin\/mylab-prise-en-charge\/myguide\/","og_locale":"fr_FR","og_type":"article","og_title":"MyGuide - Lkolmc","og_description":"MyGuide is de volledig ge\u00efntegreerde, digitale labogids van Mylab.","og_url":"https:\/\/www.lkolmc.be\/fr\/medecin\/mylab-prise-en-charge\/myguide\/","og_site_name":"Lkolmc","article_modified_time":"2026-03-25T09:40:28+00:00","twitter_card":"summary_large_image","schema":{"@context":"https:\/\/schema.org","@graph":[{"@type":"WebPage","@id":"https:\/\/www.lkolmc.be\/fr\/medecin\/mylab-prise-en-charge\/myguide\/","url":"https:\/\/www.lkolmc.be\/fr\/medecin\/mylab-prise-en-charge\/myguide\/","name":"MyGuide - Lkolmc","isPartOf":{"@id":"https:\/\/www.lkolmc.be\/nl\/#website"},"datePublished":"2021-03-31T20:33:07+00:00","dateModified":"2026-03-25T09:40:28+00:00","description":"MyGuide is de volledig ge\u00efntegreerde, digitale labogids van Mylab.","breadcrumb":{"@id":"https:\/\/www.lkolmc.be\/fr\/medecin\/mylab-prise-en-charge\/myguide\/#breadcrumb"},"inLanguage":"fr-FR","potentialAction":[{"@type":"ReadAction","target":["https:\/\/www.lkolmc.be\/fr\/medecin\/mylab-prise-en-charge\/myguide\/"]}]},{"@type":"BreadcrumbList","@id":"https:\/\/www.lkolmc.be\/fr\/medecin\/mylab-prise-en-charge\/myguide\/#breadcrumb","itemListElement":[{"@type":"ListItem","position":1,"name":"HOME","item":"https:\/\/www.lkolmc.be\/fr\/"},{"@type":"ListItem","position":2,"name":"M\u00e9decin","item":"https:\/\/www.lkolmc.be\/fr\/medecin\/"},{"@type":"ListItem","position":3,"name":"Mylab prise en charge","item":"https:\/\/www.lkolmc.be\/fr\/medecin\/mylab-prise-en-charge\/"},{"@type":"ListItem","position":4,"name":"MyGuide"}]},{"@type":"WebSite","@id":"https:\/\/www.lkolmc.be\/nl\/#website","url":"https:\/\/www.lkolmc.be\/nl\/","name":"Lkolmc","description":"Medische analysen","publisher":{"@id":"https:\/\/www.lkolmc.be\/nl\/#organization"},"potentialAction":[{"@type":"SearchAction","target":{"@type":"EntryPoint","urlTemplate":"https:\/\/www.lkolmc.be\/nl\/?s={search_term_string}"},"query-input":{"@type":"PropertyValueSpecification","valueRequired":true,"valueName":"search_term_string"}}],"inLanguage":"fr-FR"},{"@type":"Organization","@id":"https:\/\/www.lkolmc.be\/nl\/#organization","name":"LKOLMC","url":"https:\/\/www.lkolmc.be\/nl\/","logo":{"@type":"ImageObject","inLanguage":"fr-FR","@id":"https:\/\/www.lkolmc.be\/nl\/#\/schema\/logo\/image\/","url":"https:\/\/www.lkolmc.be\/wp-content\/uploads\/sites\/3\/2021\/03\/Logo-lkolmc.png","contentUrl":"https:\/\/www.lkolmc.be\/wp-content\/uploads\/sites\/3\/2021\/03\/Logo-lkolmc.png","width":242,"height":101,"caption":"LKOLMC"},"image":{"@id":"https:\/\/www.lkolmc.be\/nl\/#\/schema\/logo\/image\/"}}]}},"_links":{"self":[{"href":"https:\/\/www.lkolmc.be\/fr\/wp-json\/wp\/v2\/pages\/2671","targetHints":{"allow":["GET"]}}],"collection":[{"href":"https:\/\/www.lkolmc.be\/fr\/wp-json\/wp\/v2\/pages"}],"about":[{"href":"https:\/\/www.lkolmc.be\/fr\/wp-json\/wp\/v2\/types\/page"}],"author":[{"embeddable":true,"href":"https:\/\/www.lkolmc.be\/fr\/wp-json\/wp\/v2\/users\/1"}],"replies":[{"embeddable":true,"href":"https:\/\/www.lkolmc.be\/fr\/wp-json\/wp\/v2\/comments?post=2671"}],"version-history":[{"count":10,"href":"https:\/\/www.lkolmc.be\/fr\/wp-json\/wp\/v2\/pages\/2671\/revisions"}],"predecessor-version":[{"id":49655,"href":"https:\/\/www.lkolmc.be\/fr\/wp-json\/wp\/v2\/pages\/2671\/revisions\/49655"}],"up":[{"embeddable":true,"href":"https:\/\/www.lkolmc.be\/fr\/wp-json\/wp\/v2\/pages\/2715"}],"wp:attachment":[{"href":"https:\/\/www.lkolmc.be\/fr\/wp-json\/wp\/v2\/media?parent=2671"}],"curies":[{"name":"wp","href":"https:\/\/api.w.org\/{rel}","templated":true}]}}